{"id":2,"date":"2011-01-08T05:31:00","date_gmt":"2011-01-08T05:31:00","guid":{"rendered":"http:\/\/recettes.carlrobitaille.org\/?page_id=2"},"modified":"2011-01-08T05:42:13","modified_gmt":"2011-01-08T05:42:13","slug":"about","status":"publish","type":"page","link":"https:\/\/recettes.carlrobitaille.org\/?page_id=2","title":{"rendered":"A propos"},"content":{"rendered":"<p>Ce blog se veut une tentative de rendre disponible sur internet les recettes que nous pr\u00e9f\u00e9rons. Seul le temps dira s&#8217;il sera mis \u00e0 jour r\u00e9guli\u00e8rement ou s&#8217;il restera vide par inertie.<\/p>\n<p style=\"text-align: right;\"><em>Carl et Marie-Claude.<\/em><\/p>\n","protected":false},"excerpt":{"rendered":"<p>Ce blog se veut une tentative de rendre disponible sur internet les recettes que nous pr\u00e9f\u00e9rons. Seul le temps dira s&#8217;il sera mis \u00e0 jour r\u00e9guli\u00e8rement ou s&#8217;il restera vide par inertie. Carl et Marie-Claude.<\/p>\n","protected":false},"author":3,"featured_media":0,"parent":0,"menu_order":0,"comment_status":"open","ping_status":"open","template":"","meta":{"footnotes":""},"class_list":["post-2","page","type-page","status-publish","hentry"],"_links":{"self":[{"href":"https:\/\/recettes.carlrobitaille.org\/index.php?rest_route=\/wp\/v2\/pages\/2","targetHints":{"allow":["GET"]}}],"collection":[{"href":"https:\/\/recettes.carlrobitaille.org\/index.php?rest_route=\/wp\/v2\/pages"}],"about":[{"href":"https:\/\/recettes.carlrobitaille.org\/index.php?rest_route=\/wp\/v2\/types\/page"}],"author":[{"embeddable":true,"href":"https:\/\/recettes.carlrobitaille.org\/index.php?rest_route=\/wp\/v2\/users\/3"}],"replies":[{"embeddable":true,"href":"https:\/\/recettes.carlrobitaille.org\/index.php?rest_route=%2Fwp%2Fv2%2Fcomments&post=2"}],"version-history":[{"count":2,"href":"https:\/\/recettes.carlrobitaille.org\/index.php?rest_route=\/wp\/v2\/pages\/2\/revisions"}],"predecessor-version":[{"id":8,"href":"https:\/\/recettes.carlrobitaille.org\/index.php?rest_route=\/wp\/v2\/pages\/2\/revisions\/8"}],"wp:attachment":[{"href":"https:\/\/recettes.carlrobitaille.org\/index.php?rest_route=%2Fwp%2Fv2%2Fmedia&parent=2"}],"curies":[{"name":"wp","href":"https:\/\/api.w.org\/{rel}","templated":true}]}}